{"id":11,"date":"2017-05-30T16:45:30","date_gmt":"2017-05-30T14:45:30","guid":{"rendered":"https:\/\/portofin.si\/eng\/?page_id=11"},"modified":"2020-08-31T11:50:46","modified_gmt":"2020-08-31T09:50:46","slug":"contact","status":"publish","type":"page","link":"https:\/\/portofin.si\/eng\/contact\/","title":{"rendered":"Contact"},"content":{"rendered":"<p>[vc_row css=&#8221;.vc_custom_1496249117097{padding-top: 40px !important;}&#8221;][vc_column width=&#8221;1\/3&#8243;][vc_column_text]<style type=\"text\/css\" id=\"gmpMapStyles_2_42216\">\n\t#google_map_easy_2_42216 {\n        width: 100%;\n        height: 465px;\n\t\t\t\t\t\t    }\n\t#gmapControlsNum_2_42216 {\n\t\twidth:100%\t}\n\t.gmpMapDetailsContainer#gmpMapDetailsContainer_2_42216 {\n\t\theight:465px;\n\t}\n\t.gmp_MapPreview#google_map_easy_2_42216 {\n\t\t\/*position:absolute;*\/\n\t\twidth: 100%;\n\t}\n\t#mapConElem_2_42216{\n\t\twidth: 100%\t}\n    .gm-style .gm-style-iw-c{\n        padding: 12px!important;\n    }\n\t    <\/style>\n <div class=\"gmp_map_opts\" id=\"mapConElem_2_42216\" data-id=\"2\" data-view-id=\"2_42216\" > <div class=\"gmpMapDetailsContainer\" id=\"gmpMapDetailsContainer_2_42216\"> <i class=\"gmpKMLLayersPreloader fa fa-spinner fa-spin\" aria-hidden=\"true\" style=\"display: none;\"><\/i> <div class=\"gmp_MapPreview \" id=\"google_map_easy_2_42216\"><\/div> <\/div> <div class=\"gmpMapMarkerFilters\" id=\"gmpMapMarkerFilters_2_42216\"> <\/div> <div class=\"gmpMapProControlsCon\" id=\"gmpMapProControlsCon_2_42216\"> <\/div> <div class=\"gmpMapProDirectionsCon\" id=\"gmpMapProDirectionsCon_2_42216\" > <\/div> <div class=\"gmpMapProKmlFilterCon\" id=\"gmpMapProKmlFilterCon_2_42216\" > <\/div> <div class=\"gmpSocialSharingShell gmpSocialSharingShell_2_42216\"> <\/div> <div style=\"clear: both;\"><\/div> <\/div> [\/vc_column_text][\/vc_column][vc_column width=&#8221;1\/3&#8243;][vc_column_text]<span id=\"result_box\" class=\"\" lang=\"en\"><span class=\"\">You can send your questions directly from this site by filling in the following form:<\/span><\/span>[\/vc_column_text]\n<div class=\"wpcf7 no-js\" id=\"wpcf7-f5-o1\" lang=\"sr-RS\" dir=\"ltr\">\n<div class=\"screen-reader-response\"><p role=\"status\" aria-live=\"polite\" aria-atomic=\"true\"><\/p> <ul><\/ul><\/div>\n<form action=\"\/eng\/wp-json\/wp\/v2\/pages\/11#wpcf7-f5-o1\" method=\"post\" class=\"wpcf7-form init\" aria-label=\"Contact form\" novalidate=\"novalidate\" data-status=\"init\">\n<div style=\"display: none;\">\n<input type=\"hidden\" name=\"_wpcf7\" value=\"5\" \/>\n<input type=\"hidden\" name=\"_wpcf7_version\" value=\"5.7.6\" \/>\n<input type=\"hidden\" name=\"_wpcf7_locale\" value=\"sr_RS\" \/>\n<input type=\"hidden\" name=\"_wpcf7_unit_tag\" value=\"wpcf7-f5-o1\" \/>\n<input type=\"hidden\" name=\"_wpcf7_container_post\" value=\"0\" \/>\n<input type=\"hidden\" name=\"_wpcf7_posted_data_hash\" value=\"\" \/>\n<\/div>\n<p><span class=\"wpcf7-form-control-wrap\" data-name=\"your-name\"><input size=\"40\" class=\"wpcf7-form-control wpcf7-text wpcf7-validates-as-required\" aria-required=\"true\" aria-invalid=\"false\" placeholder=\"Your name (required)\" value=\"\" type=\"text\" name=\"your-name\" \/><\/span><br \/>\n<span class=\"wpcf7-form-control-wrap\" data-name=\"your-email\"><input size=\"40\" class=\"wpcf7-form-control wpcf7-text wpcf7-email wpcf7-validates-as-required wpcf7-validates-as-email\" aria-required=\"true\" aria-invalid=\"false\" placeholder=\"Your Email (required)\" value=\"\" type=\"email\" name=\"your-email\" \/><\/span><br \/>\n<span class=\"wpcf7-form-control-wrap\" data-name=\"your-message\"><textarea cols=\"40\" rows=\"10\" class=\"wpcf7-form-control wpcf7-textarea\" aria-invalid=\"false\" placeholder=\"Your message\" name=\"your-message\"><\/textarea><\/span><br \/>\n<span id=\"wpcf7-69df2c6c47af8-wrapper\" class=\"wpcf7-form-control-wrap honeypot-58-wrap\" ><label for=\"wpcf7-69df2c6c47af8-field\" class=\"hp-message\">Please leave this field empty.<\/label><input id=\"wpcf7-69df2c6c47af8-field\"  class=\"wpcf7-form-control wpcf7-text\" type=\"text\" name=\"honeypot-58\" value=\"\" size=\"40\" tabindex=\"-1\" autocomplete=\"new-password\" \/><\/span><br \/>\n<div id=\"cf7sr-69df2c6c47c46\" class=\"cf7sr-g-recaptcha\" data-sitekey=\"6Lfz6u8UAAAAAFjFRrsq1jdjvg25r_IBwwuYLIm9\"><\/div><span class=\"wpcf7-form-control-wrap cf7sr-recaptcha\" data-name=\"cf7sr-recaptcha\"><input type=\"hidden\" name=\"cf7sr-recaptcha\" value=\"\" class=\"wpcf7-form-control\"><\/span><br \/>\n<input class=\"wpcf7-form-control wpcf7-submit btn btn-global btn-full\" type=\"submit\" value=\"SEND\" \/>\n<\/p><div class=\"wpcf7-response-output\" aria-hidden=\"true\"><\/div>\n<\/form>\n<\/div>\n[\/vc_column][vc_column width=&#8221;1\/3&#8243;][vc_text_separator title=&#8221;CONTACT&#8221; title_align=&#8221;separator_align_left&#8221;][vc_row_inner][vc_column_inner width=&#8221;1\/2&#8243;][vc_column_text]<\/p>\n<h3><strong>Portofin d.o.o.<\/strong><strong><br \/>\n<\/strong><\/h3>\n<p>Podpe\u010d 3<br \/>\n1225 Lukovica<br \/>\nSlovenija<\/p>\n<p><strong>Email:<\/strong><br \/>\n<a href=\"mailto:info@portofin.si\">info@portofin.s<\/a>i<br \/>\n<strong><br \/>\nPhone:<\/strong><br \/>\n+386 8 201 03 79<\/p>\n<p><strong>VAT number:<br \/>\n<\/strong>SI92577776<\/p>\n<p><strong>ID:<br \/>\n<\/strong>1768336000[\/vc_column_text][\/vc_column_inner][vc_column_inner width=&#8221;1\/2&#8243;][vc_column_text]<strong>Bank account:<\/strong><\/p>\n<p><strong>IBAN SI56 0297 0025 3259 987<\/strong><\/p>\n<p>NLB d.d.<\/p>\n<hr \/>\n<p><strong>Warehouse location:<\/strong><\/p>\n<p>Podpe\u010d 3<\/p>\n<p>SI1225 Lukovica<\/p>\n<p>Slovenia[\/vc_column_text][\/vc_column_inner][\/vc_row_inner][\/vc_column][\/vc_row]<\/p>\n","protected":false},"excerpt":{"rendered":"<p>[vc_row css=&#8221;.vc_custom_1496249117097{padding-top: 40px !important;}&#8221;][vc_column width=&#8221;1\/3&#8243;][vc_column_text][\/vc_column_text][\/vc_column][vc_column width=&#8221;1\/3&#8243;][vc_column_text]You can send your questions directly from this site by filling in the following form:[\/vc_column_text][\/vc_column][vc_column width=&#8221;1\/3&#8243;][vc_text_separator title=&#8221;CONTACT&#8221; title_align=&#8221;separator_align_left&#8221;][vc_row_inner][vc_column_inner width=&#8221;1\/2&#8243;][vc_column_text] Portofin d.o.o. Podpe\u010d 3 1225 Lukovica Slovenija Email: info@portofin.si Phone: +386 8 201 03 79 VAT number: SI92577776 ID: 1768336000[\/vc_column_text][\/vc_column_inner][vc_column_inner width=&#8221;1\/2&#8243;][vc_column_text]Bank account: IBAN SI56 0297 0025 3259 987 NLB d.d. Warehouse [&hellip;]<\/p>\n","protected":false},"author":1,"featured_media":0,"parent":0,"menu_order":0,"comment_status":"closed","ping_status":"closed","template":"page-templates\/page-full-width.php","meta":[],"yoast_head":"<!-- This site is optimized with the Yoast SEO plugin v20.8 - https:\/\/yoast.com\/wordpress\/plugins\/seo\/ -->\n<title>Contact - PORTOFIN - Industrial and municipal equipment<\/title>\n<meta name=\"description\" content=\"Kontaktirajte nas za ponudu za: Dulevo \u010distilice, Vozila za odvoz sme\u0107a, Autocisterne, Autopodiza\u010di, PAUK vozila, Kiper vozila i dr.\" \/>\n<meta name=\"robots\" content=\"index, follow, max-snippet:-1, max-image-preview:large, max-video-preview:-1\" \/>\n<link rel=\"canonical\" href=\"https:\/\/portofin.si\/eng\/contact\/\" \/>\n<meta property=\"og:locale\" content=\"en_US\" \/>\n<meta property=\"og:type\" content=\"article\" \/>\n<meta property=\"og:title\" content=\"Contact - PORTOFIN - Industrial and municipal equipment\" \/>\n<meta property=\"og:description\" content=\"Kontaktirajte nas za ponudu za: Dulevo \u010distilice, Vozila za odvoz sme\u0107a, Autocisterne, Autopodiza\u010di, PAUK vozila, Kiper vozila i dr.\" \/>\n<meta property=\"og:url\" content=\"https:\/\/portofin.si\/eng\/contact\/\" \/>\n<meta property=\"og:site_name\" content=\"PORTOFIN - Industrial and municipal equipment\" \/>\n<meta property=\"article:modified_time\" content=\"2020-08-31T09:50:46+00:00\" \/>\n<meta name=\"twitter:card\" content=\"summary_large_image\" \/>\n<meta name=\"twitter:label1\" content=\"Est. reading time\" \/>\n\t<meta name=\"twitter:data1\" content=\"1 minute\" \/>\n<script type=\"application\/ld+json\" class=\"yoast-schema-graph\">{\"@context\":\"https:\/\/schema.org\",\"@graph\":[{\"@type\":\"WebPage\",\"@id\":\"https:\/\/portofin.si\/eng\/contact\/\",\"url\":\"https:\/\/portofin.si\/eng\/contact\/\",\"name\":\"Contact - PORTOFIN - Industrial and municipal equipment\",\"isPartOf\":{\"@id\":\"https:\/\/portofin.si\/eng\/#website\"},\"datePublished\":\"2017-05-30T14:45:30+00:00\",\"dateModified\":\"2020-08-31T09:50:46+00:00\",\"description\":\"Kontaktirajte nas za ponudu za: Dulevo \u010distilice, Vozila za odvoz sme\u0107a, Autocisterne, Autopodiza\u010di, PAUK vozila, Kiper vozila i dr.\",\"breadcrumb\":{\"@id\":\"https:\/\/portofin.si\/eng\/contact\/#breadcrumb\"},\"inLanguage\":\"en-US\",\"potentialAction\":[{\"@type\":\"ReadAction\",\"target\":[\"https:\/\/portofin.si\/eng\/contact\/\"]}]},{\"@type\":\"BreadcrumbList\",\"@id\":\"https:\/\/portofin.si\/eng\/contact\/#breadcrumb\",\"itemListElement\":[{\"@type\":\"ListItem\",\"position\":1,\"name\":\"Home\",\"item\":\"https:\/\/portofin.si\/eng\/\"},{\"@type\":\"ListItem\",\"position\":2,\"name\":\"Contact\"}]},{\"@type\":\"WebSite\",\"@id\":\"https:\/\/portofin.si\/eng\/#website\",\"url\":\"https:\/\/portofin.si\/eng\/\",\"name\":\"PORTOFIN - Industrial and municipal equipment\",\"description\":\"Dulevo cleaners, Refuse collection vehicles, Tank trucks, Skipploaders, SPIDER vehicles, Tipper trucks, Crane vehicles, Road maintenance superstructures, Green space maintenance equipment, Utility vehicles\",\"publisher\":{\"@id\":\"https:\/\/portofin.si\/eng\/#organization\"},\"potentialAction\":[{\"@type\":\"SearchAction\",\"target\":{\"@type\":\"EntryPoint\",\"urlTemplate\":\"https:\/\/portofin.si\/eng\/?s={search_term_string}\"},\"query-input\":\"required name=search_term_string\"}],\"inLanguage\":\"en-US\"},{\"@type\":\"Organization\",\"@id\":\"https:\/\/portofin.si\/eng\/#organization\",\"name\":\"Prodres d.o.o.\",\"url\":\"https:\/\/portofin.si\/eng\/\",\"logo\":{\"@type\":\"ImageObject\",\"inLanguage\":\"en-US\",\"@id\":\"https:\/\/portofin.si\/eng\/#\/schema\/logo\/image\/\",\"url\":\"\/images\/prodres-logo.png\",\"contentUrl\":\"\/images\/prodres-logo.png\",\"width\":188,\"height\":55,\"caption\":\"Prodres d.o.o.\"},\"image\":{\"@id\":\"https:\/\/portofin.si\/eng\/#\/schema\/logo\/image\/\"}}]}<\/script>\n<!-- \/ Yoast SEO plugin. -->","yoast_head_json":{"title":"Contact - PORTOFIN - Industrial and municipal equipment","description":"Kontaktirajte nas za ponudu za: Dulevo \u010distilice, Vozila za odvoz sme\u0107a, Autocisterne, Autopodiza\u010di, PAUK vozila, Kiper vozila i dr.","robots":{"index":"index","follow":"follow","max-snippet":"max-snippet:-1","max-image-preview":"max-image-preview:large","max-video-preview":"max-video-preview:-1"},"canonical":"https:\/\/portofin.si\/eng\/contact\/","og_locale":"en_US","og_type":"article","og_title":"Contact - PORTOFIN - Industrial and municipal equipment","og_description":"Kontaktirajte nas za ponudu za: Dulevo \u010distilice, Vozila za odvoz sme\u0107a, Autocisterne, Autopodiza\u010di, PAUK vozila, Kiper vozila i dr.","og_url":"https:\/\/portofin.si\/eng\/contact\/","og_site_name":"PORTOFIN - Industrial and municipal equipment","article_modified_time":"2020-08-31T09:50:46+00:00","twitter_card":"summary_large_image","twitter_misc":{"Est. reading time":"1 minute"},"schema":{"@context":"https:\/\/schema.org","@graph":[{"@type":"WebPage","@id":"https:\/\/portofin.si\/eng\/contact\/","url":"https:\/\/portofin.si\/eng\/contact\/","name":"Contact - PORTOFIN - Industrial and municipal equipment","isPartOf":{"@id":"https:\/\/portofin.si\/eng\/#website"},"datePublished":"2017-05-30T14:45:30+00:00","dateModified":"2020-08-31T09:50:46+00:00","description":"Kontaktirajte nas za ponudu za: Dulevo \u010distilice, Vozila za odvoz sme\u0107a, Autocisterne, Autopodiza\u010di, PAUK vozila, Kiper vozila i dr.","breadcrumb":{"@id":"https:\/\/portofin.si\/eng\/contact\/#breadcrumb"},"inLanguage":"en-US","potentialAction":[{"@type":"ReadAction","target":["https:\/\/portofin.si\/eng\/contact\/"]}]},{"@type":"BreadcrumbList","@id":"https:\/\/portofin.si\/eng\/contact\/#breadcrumb","itemListElement":[{"@type":"ListItem","position":1,"name":"Home","item":"https:\/\/portofin.si\/eng\/"},{"@type":"ListItem","position":2,"name":"Contact"}]},{"@type":"WebSite","@id":"https:\/\/portofin.si\/eng\/#website","url":"https:\/\/portofin.si\/eng\/","name":"PORTOFIN - Industrial and municipal equipment","description":"Dulevo cleaners, Refuse collection vehicles, Tank trucks, Skipploaders, SPIDER vehicles, Tipper trucks, Crane vehicles, Road maintenance superstructures, Green space maintenance equipment, Utility vehicles","publisher":{"@id":"https:\/\/portofin.si\/eng\/#organization"},"potentialAction":[{"@type":"SearchAction","target":{"@type":"EntryPoint","urlTemplate":"https:\/\/portofin.si\/eng\/?s={search_term_string}"},"query-input":"required name=search_term_string"}],"inLanguage":"en-US"},{"@type":"Organization","@id":"https:\/\/portofin.si\/eng\/#organization","name":"Prodres d.o.o.","url":"https:\/\/portofin.si\/eng\/","logo":{"@type":"ImageObject","inLanguage":"en-US","@id":"https:\/\/portofin.si\/eng\/#\/schema\/logo\/image\/","url":"\/images\/prodres-logo.png","contentUrl":"\/images\/prodres-logo.png","width":188,"height":55,"caption":"Prodres d.o.o."},"image":{"@id":"https:\/\/portofin.si\/eng\/#\/schema\/logo\/image\/"}}]}},"_links":{"self":[{"href":"https:\/\/portofin.si\/eng\/wp-json\/wp\/v2\/pages\/11"}],"collection":[{"href":"https:\/\/portofin.si\/eng\/wp-json\/wp\/v2\/pages"}],"about":[{"href":"https:\/\/portofin.si\/eng\/wp-json\/wp\/v2\/types\/page"}],"author":[{"embeddable":true,"href":"https:\/\/portofin.si\/eng\/wp-json\/wp\/v2\/users\/1"}],"replies":[{"embeddable":true,"href":"https:\/\/portofin.si\/eng\/wp-json\/wp\/v2\/comments?post=11"}],"version-history":[{"count":31,"href":"https:\/\/portofin.si\/eng\/wp-json\/wp\/v2\/pages\/11\/revisions"}],"predecessor-version":[{"id":745,"href":"https:\/\/portofin.si\/eng\/wp-json\/wp\/v2\/pages\/11\/revisions\/745"}],"wp:attachment":[{"href":"https:\/\/portofin.si\/eng\/wp-json\/wp\/v2\/media?parent=11"}],"curies":[{"name":"wp","href":"https:\/\/api.w.org\/{rel}","templated":true}]}}